{"id":10469,"date":"2025-08-04T08:22:19","date_gmt":"2025-08-04T08:22:19","guid":{"rendered":"https:\/\/hotel-lepaquis.fr\/?page_id=10469"},"modified":"2025-08-27T10:06:08","modified_gmt":"2025-08-27T08:06:08","slug":"conditions-generales-de-vente","status":"publish","type":"page","link":"https:\/\/hotel-lepaquis.fr\/en\/conditions-generales-de-vente\/","title":{"rendered":"CGV"},"content":{"rendered":"<div data-elementor-type=\"wp-page\" data-elementor-id=\"10469\" class=\"elementor elementor-10469\" data-elementor-post-type=\"page\">\n\t\t\t\t<div class=\"elementor-element elementor-element-20fd8db6 e-flex e-con-boxed e-con e-parent\" data-id=\"20fd8db6\" data-element_type=\"container\">\n\t\t\t\t\t<div class=\"e-con-inner\">\n\t\t\t\t<div class=\"elementor-element elementor-element-df00cf0 elementor-widget elementor-widget-heading\" data-id=\"df00cf0\" data-element_type=\"widget\" data-widget_type=\"heading.default\">\n\t\t\t\t<div class=\"elementor-widget-container\">\n\t\t\t\t\t<h1 class=\"elementor-heading-title elementor-size-default\">COnditions g\u00e9n\u00e9rales de vente :<\/h1>\t\t\t\t<\/div>\n\t\t\t\t<\/div>\n\t\t\t\t<div class=\"elementor-element elementor-element-2f5ec14e elementor-widget elementor-widget-text-editor\" data-id=\"2f5ec14e\" data-element_type=\"widget\" data-widget_type=\"text-editor.default\">\n\t\t\t\t<div class=\"elementor-widget-container\">\n\t\t\t\t\t\t\t\t\t\n<p>Conditions de r\u00e9servation :<\/p>\n<p>Toute r\u00e9servation s&rsquo;accompagne du versement d&rsquo;arrhes, dont le montant varie en fonction de la dur\u00e9e du<br \/>s\u00e9jour :<\/p>\n<ul>\n<li>30 % du montant total pour tout s\u00e9jour \u00e0 partir de 3 nuits<\/li>\n<li>50 % du montant total pour tout s\u00e9jour de 2 nuits<\/li>\n<li>100 % du montant total pour tout s\u00e9jour d&rsquo;une nuit<\/li>\n<\/ul>\n<p><br \/>Les arrhes vers\u00e9es sont d\u00e9duites \u00e0 la fin du s\u00e9jour pour la p\u00e9riode convenue.<br \/>D\u00e8s le paiement des arrhes, la r\u00e9servation devient ferme et d\u00e9finitive, et entra\u00eene l&rsquo;acceptation des pr\u00e9sentes<br \/>conditions.<\/p>\n<p><br \/>Conditions d&rsquo;annulation g\u00e9n\u00e9rale :<\/p>\n<p>Toute annulation doit nous \u00eatre notifi\u00e9e par \u00e9crit, par voie postale ou par email.<br \/>Au-del\u00e0 de 30 jours (jour d&rsquo;arriv\u00e9e inclus) avant le d\u00e9but du s\u00e9jour : les arrhes sont conserv\u00e9es par<br \/>l&rsquo;h\u00f4tel, mais restent valables un an \u00e0 compter de la date d&rsquo;arriv\u00e9e pour un prochain s\u00e9jour.<br \/>Moins de 30 jours avant l&rsquo;arriv\u00e9e : les arrhes sont retenues.<br \/>Pour tout d\u00e9part anticip\u00e9, le s\u00e9jour doit \u00eatre r\u00e9gl\u00e9 dans sa totalit\u00e9, y compris les prestations ext\u00e9rieures.<br \/>En cas d&rsquo;achat de prestations ext\u00e9rieures, les conditions d&rsquo;annulation applicables seront celles du prestataire<br \/>concern\u00e9.<br \/>Si le client ne prend pas possession de sa chambre \u00e0 la date convenue, l&rsquo;h\u00f4tel est lib\u00e9r\u00e9 de tout engagement \u00e0<br \/>compter du lendemain, et le montant total de la r\u00e9servation sera d\u00fb.<br \/>Conditions d&rsquo;annulation g\u00e9n\u00e9rale :<br \/>La prise de possession des chambres s&rsquo;effectue \u00e0 partir de 16h, et celles-ci doivent \u00eatre lib\u00e9r\u00e9es pour 11h le<br \/>jour du d\u00e9part.<br \/>Si votre chambre est pr\u00eate avant 16h, vous pourrez y acc\u00e9der d\u00e8s qu&rsquo;elle sera disponible.<br \/>Pour toute arriv\u00e9e avant 16h ou d\u00e9part apr\u00e8s 11h, nous mettons \u00e0 votre disposition un espace pour les<br \/>bagages ainsi qu&rsquo;une salle de bain.<br \/>L&rsquo;h\u00f4tel s&rsquo;engage \u00e0 faire de son mieux pour r\u00e9pondre favorablement aux pr\u00e9f\u00e9rences des clients, mais ne peut<br \/>en aucun cas garantir un num\u00e9ro de chambre, un \u00e9tage ou un style de d\u00e9coration.<br \/>Nous d\u00e9clinons toute responsabilit\u00e9 en cas de vol dans l&rsquo;espace bagages ou dans le local \u00e0 skis.<br \/>Informations diverses :<\/p>\n<p>La prise de possession des chambres s&rsquo;effectue \u00e0 partir de 16h, et celles-ci doivent \u00eatre lib\u00e9r\u00e9es pour 11h le<br \/>jour du d\u00e9part.<br \/>Si votre chambre est pr\u00eate avant 16h, vous pourrez y acc\u00e9der d\u00e8s qu&rsquo;elle sera disponible.<br \/>Pour toute arriv\u00e9e avant 16h ou d\u00e9part apr\u00e8s 11h, nous mettons \u00e0 votre disposition un espace pour les<br \/>bagages ainsi qu&rsquo;une salle de bain.<br \/>L&rsquo;h\u00f4tel s&rsquo;engage \u00e0 faire de son mieux pour r\u00e9pondre favorablement aux pr\u00e9f\u00e9rences des clients, mais ne peut<br \/>en aucun cas garantir un num\u00e9ro de chambre, un \u00e9tage ou un style de d\u00e9coration.<br \/>Nous d\u00e9clinons toute responsabilit\u00e9 en cas de vol dans l&rsquo;espace bagages ou dans le local \u00e0 skis.<\/p>\t\t\t\t\t\t\t\t<\/div>\n\t\t\t\t<\/div>\n\t\t\t\t\t<\/div>\n\t\t\t\t<\/div>\n\t\t\t\t<\/div>","protected":false},"excerpt":{"rendered":"<p>COnditions g\u00e9n\u00e9rales de vente : Conditions de r\u00e9servation : Toute r\u00e9servation s&rsquo;accompagne du versement d&rsquo;arrhes, dont le montant varie en fonction de la dur\u00e9e dus\u00e9jour : 30 % du montant total pour tout s\u00e9jour \u00e0 partir de 3 nuits 50 % du montant total pour tout s\u00e9jour de 2 nuits 100 % du montant total [&hellip;]<\/p>","protected":false},"author":1,"featured_media":0,"parent":0,"menu_order":0,"comment_status":"closed","ping_status":"closed","template":"","meta":{"_acf_changed":false,"inline_featured_image":false,"footnotes":""},"class_list":["post-10469","page","type-page","status-publish","hentry"],"acf":[],"yoast_head":"<!-- This site is optimized with the Yoast SEO plugin v26.8 - https:\/\/yoast.com\/product\/yoast-seo-wordpress\/ -->\n<title>CGV - H\u00f4tel Le Paquis<\/title>\n<meta name=\"robots\" content=\"index, follow, max-snippet:-1, max-image-preview:large, max-video-preview:-1\" \/>\n<link rel=\"canonical\" href=\"https:\/\/hotel-lepaquis.fr\/en\/conditions-generales-de-vente\/\" \/>\n<meta property=\"og:locale\" content=\"en_GB\" \/>\n<meta property=\"og:type\" content=\"article\" \/>\n<meta property=\"og:title\" content=\"CGV - H\u00f4tel Le Paquis\" \/>\n<meta property=\"og:description\" content=\"COnditions g\u00e9n\u00e9rales de vente : Conditions de r\u00e9servation : Toute r\u00e9servation s&rsquo;accompagne du versement d&rsquo;arrhes, dont le montant varie en fonction de la dur\u00e9e dus\u00e9jour : 30 % du montant total pour tout s\u00e9jour \u00e0 partir de 3 nuits 50 % du montant total pour tout s\u00e9jour de 2 nuits 100 % du montant total [&hellip;]\" \/>\n<meta property=\"og:url\" content=\"https:\/\/hotel-lepaquis.fr\/en\/conditions-generales-de-vente\/\" \/>\n<meta property=\"og:site_name\" content=\"H\u00f4tel Le Paquis\" \/>\n<meta property=\"article:modified_time\" content=\"2025-08-27T08:06:08+00:00\" \/>\n<meta name=\"twitter:card\" content=\"summary_large_image\" \/>\n<meta name=\"twitter:label1\" content=\"Estimated reading time\" \/>\n\t<meta name=\"twitter:data1\" content=\"3 minutes\" \/>\n<script type=\"application\/ld+json\" class=\"yoast-schema-graph\">{\"@context\":\"https:\/\/schema.org\",\"@graph\":[{\"@type\":\"WebPage\",\"@id\":\"https:\/\/hotel-lepaquis.fr\/conditions-generales-de-vente\/\",\"url\":\"https:\/\/hotel-lepaquis.fr\/conditions-generales-de-vente\/\",\"name\":\"CGV - H\u00f4tel Le Paquis\",\"isPartOf\":{\"@id\":\"https:\/\/hotel-lepaquis.fr\/en\/#website\"},\"datePublished\":\"2025-08-04T08:22:19+00:00\",\"dateModified\":\"2025-08-27T08:06:08+00:00\",\"breadcrumb\":{\"@id\":\"https:\/\/hotel-lepaquis.fr\/conditions-generales-de-vente\/#breadcrumb\"},\"inLanguage\":\"en-GB\",\"potentialAction\":[{\"@type\":\"ReadAction\",\"target\":[\"https:\/\/hotel-lepaquis.fr\/conditions-generales-de-vente\/\"]}]},{\"@type\":\"BreadcrumbList\",\"@id\":\"https:\/\/hotel-lepaquis.fr\/conditions-generales-de-vente\/#breadcrumb\",\"itemListElement\":[{\"@type\":\"ListItem\",\"position\":1,\"name\":\"Accueil\",\"item\":\"https:\/\/hotel-lepaquis.fr\/\"},{\"@type\":\"ListItem\",\"position\":2,\"name\":\"CGV\"}]},{\"@type\":\"WebSite\",\"@id\":\"https:\/\/hotel-lepaquis.fr\/en\/#website\",\"url\":\"https:\/\/hotel-lepaquis.fr\/en\/\",\"name\":\"H\u00f4tel Le Paquis\",\"description\":\"\",\"publisher\":{\"@id\":\"https:\/\/hotel-lepaquis.fr\/en\/#organization\"},\"potentialAction\":[{\"@type\":\"SearchAction\",\"target\":{\"@type\":\"EntryPoint\",\"urlTemplate\":\"https:\/\/hotel-lepaquis.fr\/en\/?s={search_term_string}\"},\"query-input\":{\"@type\":\"PropertyValueSpecification\",\"valueRequired\":true,\"valueName\":\"search_term_string\"}}],\"inLanguage\":\"en-GB\"},{\"@type\":\"Organization\",\"@id\":\"https:\/\/hotel-lepaquis.fr\/en\/#organization\",\"name\":\"H\u00f4tel Le Paquis\",\"url\":\"https:\/\/hotel-lepaquis.fr\/en\/\",\"logo\":{\"@type\":\"ImageObject\",\"inLanguage\":\"en-GB\",\"@id\":\"https:\/\/hotel-lepaquis.fr\/en\/#\/schema\/logo\/image\/\",\"url\":\"https:\/\/hotel-lepaquis.fr\/wp-content\/uploads\/2024\/11\/logo2.svg\",\"contentUrl\":\"https:\/\/hotel-lepaquis.fr\/wp-content\/uploads\/2024\/11\/logo2.svg\",\"width\":183,\"height\":106,\"caption\":\"H\u00f4tel Le Paquis\"},\"image\":{\"@id\":\"https:\/\/hotel-lepaquis.fr\/en\/#\/schema\/logo\/image\/\"}}]}<\/script>\n<!-- \/ Yoast SEO plugin. -->","yoast_head_json":{"title":"CGV - H\u00f4tel Le Paquis","robots":{"index":"index","follow":"follow","max-snippet":"max-snippet:-1","max-image-preview":"max-image-preview:large","max-video-preview":"max-video-preview:-1"},"canonical":"https:\/\/hotel-lepaquis.fr\/en\/conditions-generales-de-vente\/","og_locale":"en_GB","og_type":"article","og_title":"CGV - H\u00f4tel Le Paquis","og_description":"COnditions g\u00e9n\u00e9rales de vente : Conditions de r\u00e9servation : Toute r\u00e9servation s&rsquo;accompagne du versement d&rsquo;arrhes, dont le montant varie en fonction de la dur\u00e9e dus\u00e9jour : 30 % du montant total pour tout s\u00e9jour \u00e0 partir de 3 nuits 50 % du montant total pour tout s\u00e9jour de 2 nuits 100 % du montant total [&hellip;]","og_url":"https:\/\/hotel-lepaquis.fr\/en\/conditions-generales-de-vente\/","og_site_name":"H\u00f4tel Le Paquis","article_modified_time":"2025-08-27T08:06:08+00:00","twitter_card":"summary_large_image","twitter_misc":{"Estimated reading time":"3 minutes"},"schema":{"@context":"https:\/\/schema.org","@graph":[{"@type":"WebPage","@id":"https:\/\/hotel-lepaquis.fr\/conditions-generales-de-vente\/","url":"https:\/\/hotel-lepaquis.fr\/conditions-generales-de-vente\/","name":"CGV - H\u00f4tel Le Paquis","isPartOf":{"@id":"https:\/\/hotel-lepaquis.fr\/en\/#website"},"datePublished":"2025-08-04T08:22:19+00:00","dateModified":"2025-08-27T08:06:08+00:00","breadcrumb":{"@id":"https:\/\/hotel-lepaquis.fr\/conditions-generales-de-vente\/#breadcrumb"},"inLanguage":"en-GB","potentialAction":[{"@type":"ReadAction","target":["https:\/\/hotel-lepaquis.fr\/conditions-generales-de-vente\/"]}]},{"@type":"BreadcrumbList","@id":"https:\/\/hotel-lepaquis.fr\/conditions-generales-de-vente\/#breadcrumb","itemListElement":[{"@type":"ListItem","position":1,"name":"Accueil","item":"https:\/\/hotel-lepaquis.fr\/"},{"@type":"ListItem","position":2,"name":"CGV"}]},{"@type":"WebSite","@id":"https:\/\/hotel-lepaquis.fr\/en\/#website","url":"https:\/\/hotel-lepaquis.fr\/en\/","name":"H\u00f4tel Le Paquis","description":"","publisher":{"@id":"https:\/\/hotel-lepaquis.fr\/en\/#organization"},"potentialAction":[{"@type":"SearchAction","target":{"@type":"EntryPoint","urlTemplate":"https:\/\/hotel-lepaquis.fr\/en\/?s={search_term_string}"},"query-input":{"@type":"PropertyValueSpecification","valueRequired":true,"valueName":"search_term_string"}}],"inLanguage":"en-GB"},{"@type":"Organization","@id":"https:\/\/hotel-lepaquis.fr\/en\/#organization","name":"H\u00f4tel Le Paquis","url":"https:\/\/hotel-lepaquis.fr\/en\/","logo":{"@type":"ImageObject","inLanguage":"en-GB","@id":"https:\/\/hotel-lepaquis.fr\/en\/#\/schema\/logo\/image\/","url":"https:\/\/hotel-lepaquis.fr\/wp-content\/uploads\/2024\/11\/logo2.svg","contentUrl":"https:\/\/hotel-lepaquis.fr\/wp-content\/uploads\/2024\/11\/logo2.svg","width":183,"height":106,"caption":"H\u00f4tel Le Paquis"},"image":{"@id":"https:\/\/hotel-lepaquis.fr\/en\/#\/schema\/logo\/image\/"}}]}},"_links":{"self":[{"href":"https:\/\/hotel-lepaquis.fr\/en\/wp-json\/wp\/v2\/pages\/10469","targetHints":{"allow":["GET"]}}],"collection":[{"href":"https:\/\/hotel-lepaquis.fr\/en\/wp-json\/wp\/v2\/pages"}],"about":[{"href":"https:\/\/hotel-lepaquis.fr\/en\/wp-json\/wp\/v2\/types\/page"}],"author":[{"embeddable":true,"href":"https:\/\/hotel-lepaquis.fr\/en\/wp-json\/wp\/v2\/users\/1"}],"replies":[{"embeddable":true,"href":"https:\/\/hotel-lepaquis.fr\/en\/wp-json\/wp\/v2\/comments?post=10469"}],"version-history":[{"count":34,"href":"https:\/\/hotel-lepaquis.fr\/en\/wp-json\/wp\/v2\/pages\/10469\/revisions"}],"predecessor-version":[{"id":10549,"href":"https:\/\/hotel-lepaquis.fr\/en\/wp-json\/wp\/v2\/pages\/10469\/revisions\/10549"}],"wp:attachment":[{"href":"https:\/\/hotel-lepaquis.fr\/en\/wp-json\/wp\/v2\/media?parent=10469"}],"curies":[{"name":"wp","href":"https:\/\/api.w.org\/{rel}","templated":true}]}}