{"id":3,"date":"2024-11-04T09:09:12","date_gmt":"2024-11-04T09:09:12","guid":{"rendered":"https:\/\/gifted-einstein.79-137-88-67.plesk.page\/?page_id=3"},"modified":"2025-08-27T10:05:40","modified_gmt":"2025-08-27T08:05:40","slug":"mentions-legales","status":"publish","type":"page","link":"https:\/\/hotel-lepaquis.fr\/en\/mentions-legales\/","title":{"rendered":"Mentions l\u00e9gales"},"content":{"rendered":"<div data-elementor-type=\"wp-page\" data-elementor-id=\"3\" class=\"elementor elementor-3\" data-elementor-post-type=\"page\">\n\t\t\t\t<div class=\"elementor-element elementor-element-20fd8db6 e-flex e-con-boxed e-con e-parent\" data-id=\"20fd8db6\" data-element_type=\"container\" data-e-type=\"container\">\n\t\t\t\t\t<div class=\"e-con-inner\">\n\t\t\t\t<div class=\"elementor-element elementor-element-df00cf0 elementor-widget elementor-widget-heading\" data-id=\"df00cf0\" data-element_type=\"widget\" data-e-type=\"widget\" data-widget_type=\"heading.default\">\n\t\t\t\t<div class=\"elementor-widget-container\">\n\t\t\t\t\t<h1 class=\"elementor-heading-title elementor-size-default\">mentions l\u00e9gales<\/h1>\t\t\t\t<\/div>\n\t\t\t\t<\/div>\n\t\t\t\t<div class=\"elementor-element elementor-element-2f5ec14e elementor-widget elementor-widget-text-editor\" data-id=\"2f5ec14e\" data-element_type=\"widget\" data-e-type=\"widget\" data-widget_type=\"text-editor.default\">\n\t\t\t\t<div class=\"elementor-widget-container\">\n\t\t\t\t\t\t\t\t\t\n<h2 class=\"wp-block-heading\">1. Informations relatives \u00e0 l\u2019h\u00e9bergeur <\/h2>\n<p>OVH\u2028SAS au capital de 10 174 560 \u20ac\u2028<br \/>RCS Lille M\u00e9tropole 424 761 419 00045<br \/>\u2028Code APE 2620Z<br \/>\u2028N\u00b0 TVA : FR 22 424 761 419\u2028<br \/>Si\u00e8ge social : 2 rue Kellermann &#8211; 59100 Roubaix &#8211; France<\/p>\n<h1 class=\"wp-block-heading\"><\/h1>\n<h2 class=\"wp-block-heading\">2. Informations relatives \u00e0 l\u2019\u00e9diteur<\/h2>\n<h1 class=\"wp-block-heading\"><\/h1>\n<p>Raison sociale : SAS Podium\u2028<br \/>Adresse : 19b Rue Du Mont d\u2019Or 69450 Saint-Cyr-Au-Mont-d\u2019Or\u2028<br \/>T\u00e9l\u00e9phone : 06 32 84 96 23\u2028<br \/>E-mail : contact@podiumcommunication.fr\u2028<br \/>Directeur de publication : J\u00e9r\u00e9my Martellet-Fauconnet<br \/>\u2028Forme juridique : SAS\u2028<br \/>97895932800011 RCS Lyon<\/p>\n<h1 class=\"wp-block-heading\"><\/h1>\n<h2 class=\"wp-block-heading\">3. Conditions d\u2019utilisation<\/h2>\n<h1 class=\"wp-block-heading\"><\/h1>\n<p>Le site est accessible par l\u2019url https:\/<a href=\"https:\/\/hotel-lepaquis.fr\/en\/\">\/hotel-lepaquis.fr.<\/a> Son utilisation est r\u00e9gie par les pr\u00e9sentes conditions g\u00e9n\u00e9rales. En utilisant le site, vous reconnaissez avoir pris connaissance de ces conditions et les avoir accept\u00e9es. Celles-ci pourront \u00eatre modifi\u00e9es \u00e0 tout moment et sans pr\u00e9avis par la soci\u00e9t\u00e9 Podium. L\u2019entreprise Podium ne saurait \u00eatre tenue pour responsable en aucune mani\u00e8re d\u2019une mauvaise utilisation du service.<\/p>\n<h1 class=\"wp-block-heading\"><\/h1>\n<h2 class=\"wp-block-heading\">4. Limitation de la responsabilit\u00e9<\/h2>\n<h1 class=\"wp-block-heading\"><\/h1>\n<p>\u00a0Les informations contenues sur ce site sont aussi pr\u00e9cises que possible et le site est p\u00e9riodiquement remis \u00e0 jour, mais peut toutefois contenir des inexactitudes, des omissions ou des lacunes. Si vous constatez une erreur ou ce qui peut \u00eatre un dysfonctionnement, merci de bien vouloir le signaler par email en d\u00e9crivant le probl\u00e8me de la mani\u00e8re la plus pr\u00e9cise possible.<\/p>\n<p>Tout contenu t\u00e9l\u00e9charg\u00e9 se fait aux risques et p\u00e9rils de l\u2019utilisateur et sous sa seule responsabilit\u00e9. En cons\u00e9quence, l\u2019entreprise Podium ne saurait \u00eatre tenue responsable d\u2019un quelconque dommage subi par l\u2019ordinateur de l\u2019utilisateur ou d\u2019une quelconque perte de donn\u00e9es cons\u00e9cutives au t\u00e9l\u00e9chargement. Les photos sont non contractuelles. Les liens hypertextes mis en place sur ce site internet en direction d\u2019autres sites internet ne sauraient engager la responsabilit\u00e9 de Podium.<\/p>\n<h1 class=\"wp-block-heading\"><\/h1>\n<h2 class=\"wp-block-heading\">5. Litiges<\/h2>\n<h1 class=\"wp-block-heading\"><\/h1>\n<p>Les pr\u00e9sentes conditions sont r\u00e9gies par les lois fran\u00e7aises et toute contestation ou litige qui pourrait na\u00eetre de l\u2019interpr\u00e9tation ou de l\u2019ex\u00e9cution de celles-ci seront de la comp\u00e9tence exclusive des tribunaux dont d\u00e9pend le si\u00e8ge social de la soci\u00e9t\u00e9 Podium. La langue de r\u00e9f\u00e9rence, pour le r\u00e8glement de contentieux \u00e9ventuels, est le fran\u00e7ais.<\/p>\n<h1 class=\"wp-block-heading\"><\/h1>\n<h2 class=\"wp-block-heading\">6. Droit d\u2019acc\u00e8s, de rectification et de suppression de vos donn\u00e9es<\/h2>\n<h1 class=\"wp-block-heading\"><\/h1>\n<p>En application de la loi informatique et libert\u00e9s, les internautes disposent d\u2019un droit d\u2019acc\u00e8s, de rectification, de modification et de suppression concernant les donn\u00e9es qui les concernent personnellement.<\/p>\n<p>Le droit d\u2019acc\u00e8s : ils peuvent exercer leur droit d\u2019acc\u00e8s, pour conna\u00eetre les donn\u00e9es personnelles les concernant, en \u00e9crivant \u00e0 l\u2019adresse \u00e9lectronique suivante. Dans ce cas, avant la mise en \u0153uvre de ce droit, la Plateforme peut demander une preuve de l\u2019identit\u00e9 de l\u2019utilisateur afin d\u2019en v\u00e9rifier l\u2019exactitude. Le droit de rectification : si les donn\u00e9es \u00e0 caract\u00e8re personnel d\u00e9tenues par la Plateforme sont inexactes, ils peuvent demander la mise \u00e0 jour des informations. Le droit de suppression des donn\u00e9es : les utilisateurs peuvent demander la suppression de leurs donn\u00e9es \u00e0 caract\u00e8re personnel, conform\u00e9ment aux lois applicables en mati\u00e8re de protection des donn\u00e9es.<\/p>\n<p>Ce droit peut \u00eatre exerc\u00e9 par voie postale aupr\u00e8s de Podium, 19b Rue Du Mont d\u2019Or 69450 Saint-Cyr-Au-Mont-d\u2019Or ou par voie \u00e9lectronique \u00e0 l\u2019adresse email suivante contact@podiumcommunication.fr. Les informations personnelles collect\u00e9es sont confidentielles et ne sont en aucun cas transmises \u00e0 des tiers hormis pour l\u2019\u00e9ventuelle bonne ex\u00e9cution de la prestation command\u00e9e par l\u2019internaute. En vertu de la loi n\u00b0 2000-719 du 1er ao\u00fbt 2000, les coordonn\u00e9es d\u00e9clar\u00e9es par l\u2019acheteur pourront \u00eatre communiqu\u00e9es sur r\u00e9quisition des autorit\u00e9s judiciaires.<\/p>\n<h1 class=\"wp-block-heading\"><\/h1>\n<h2 class=\"wp-block-heading\">7. Collecte et protection des donn\u00e9es<\/h2>\n<h1 class=\"wp-block-heading\"><\/h1>\n<p>Vos donn\u00e9es personnelles recueillies sur le Site seront trait\u00e9es par des personnes habilit\u00e9es relevant des services de la soci\u00e9t\u00e9 Podium. Ces donn\u00e9es personnelles seront utilis\u00e9es par lesdits services notamment \u00e0 des fins d\u2019information, de communication externe se rapportant au but ou \u00e0 l\u2019activit\u00e9 poursuivie par la soci\u00e9t\u00e9 Podium, \u00e0 des fins organisationnelles, \u00e0 des fins de relev\u00e9 de statistiques de Google Analytics, de partage social (par exemple sur Twitter), ainsi que pour l\u2019accomplissement des obligations comptables et fiscales pr\u00e9vues par la loi. <br \/>A. Les donn\u00e9es personnelles collect\u00e9es dans les formulaires de contact sont les suivantes : <br \/>&#8211; Nom et pr\u00e9nom<br \/>&#8211; Adresse mail Num\u00e9ro de t\u00e9l\u00e9phone Afin de traiter votre demande, Podium devra effectuer un traitement des donn\u00e9es personnelles vous concernant. Les donn\u00e9es sont conserv\u00e9es pendant deux (2) ans \u00e0 compter de notre dernier contact et sont destin\u00e9es exclusivement \u00e0 Podium, elles ne seront pas transmises \u00e0 des tiers. <br \/>B. Les donn\u00e9es personnelles collect\u00e9es dans les formulaires d\u2019inscription aux newsletters sont les suivantes :<br \/>Adresse mail Vous aurez le choix d\u2019accepter ou non de recevoir : <br \/>Des newsletters contenant les derni\u00e8res actualit\u00e9s de la soci\u00e9t\u00e9 H\u00f4tel Le Paquis <br \/>Des publicit\u00e9s adress\u00e9es par des partenaires commerciaux.<br \/>En renseignant votre email, vous affirmez avoir pris connaissance de nos mentions l\u00e9gales. Votre email sera conserv\u00e9 tant que vous ne nous ferez pas la demande de suppression de cette donn\u00e9e. Vous pourrez vous d\u00e9sinscrire \u00e0 tout moment \u00e0 l\u2019aide des liens de d\u00e9sinscription pr\u00e9sents sur les communications ou en nous contactant : <br \/>H\u00f4tel Le Paquis, Rte du Rosset, 73322 Tignes, 04 79 06 37 33<\/p>\n<h1 class=\"wp-block-heading\"><\/h1>\n<h2 class=\"wp-block-heading\">8. Propri\u00e9t\u00e9 intellectuelle<\/h2>\n<h1 class=\"wp-block-heading\"><\/h1>\n<p>Tout le contenu du pr\u00e9sent site, incluant, de fa\u00e7on non limitative, les graphismes, images, textes, vid\u00e9os, animations, sons, logos, gifs et ic\u00f4nes ainsi que leur mise en forme sont la propri\u00e9t\u00e9 exclusive de la soci\u00e9t\u00e9 Podium \u00e0 l\u2019exception des marques, logos ou contenus appartenant \u00e0 d\u2019autres soci\u00e9t\u00e9s partenaires ou auteurs. Toute reproduction, distribution, modification, adaptation, retransmission ou publication, m\u00eame partielle, de ces diff\u00e9rents \u00e9l\u00e9ments est strictement interdite sans l\u2019accord express par \u00e9crit de Podium.<\/p>\n<h1 class=\"wp-block-heading\"><\/h1>\n<h2 class=\"wp-block-heading\">9. Gestion des \u00ab cookies \u00bb<\/h2>\n<h1 class=\"wp-block-heading\"><\/h1>\n<p>Qu\u2019est-ce qu\u2019un \u00ab cookie \u00bb ? Un \u00ab cookie \u00bb ou traceur est un fichier \u00e9lectronique d\u00e9pos\u00e9 sur un terminal (ordinateur, tablette, smartphone,\u2026) et lu par exemple lors de la consultation d\u2019un site internet, de la lecture d\u2019un courrier \u00e9lectronique, de l\u2019installation ou de l\u2019utilisation d\u2019un logiciel ou d\u2019une application mobile et ce quel que soit le type de terminal utilis\u00e9 (source : https:\/\/www.cnil.fr\/fr\/cookies-traceurs-que-dit-la-loi). En naviguant sur ce site, des \u00ab cookies \u00bb \u00e9manant de la soci\u00e9t\u00e9 responsable du site concern\u00e9 et\/ou des soci\u00e9t\u00e9s tiers pourront \u00eatre d\u00e9pos\u00e9s sur votre terminal. Lors de la premi\u00e8re navigation sur ce site, une fen\u00eatre de gestion du consentement des \u00ab cookies \u00bb appara\u00eetra. D\u00e8s lors, pour poursuivre la navigation sur le site web, vous devrez donner au choix soit votre accord ou soit votre d\u00e9saccord. Vous aurez \u00e9galement \u00e0 disposition dans cet outil de consentement, la personnalisation du choix des cat\u00e9gories de \u00ab cookies \u00bb \u00e0 accepter ou non. Le consentement donn\u00e9 sera stock\u00e9 sous forme de \u00ab cookies \u00bb fonctionnel dans votre navigateur, valable pour une p\u00e9riode de trois (3) mois. L\u2019utilisateur a la possibilit\u00e9 de modifier son choix \u00e0 tout moment. <br \/><br \/>Les \u00ab cookies \u00bb pr\u00e9sents sur ce site internet se pr\u00e9sentent sous trois (3) cat\u00e9gories :<br \/><br \/>A. Cookies essentiels : Ce site utilise des cookies n\u00e9cessaires \u00e0 son bon fonctionnement. C\u2019est pour cela qu\u2019ils doivent rester activ\u00e9s. <br \/><br \/>B. Cookies de performance : Ces cookies nous aident \u00e0 am\u00e9liorer votre exp\u00e9rience en ligne. Ils ne sont pas essentiels, mais sans eux, certaines fonctionnalit\u00e9s peuvent ne pas fonctionner. Ces cookies nous permettent de d\u00e9terminer le nombre de visites et les sources du trafic, afin de mesurer et d\u2019am\u00e9liorer les performances de notre site Web. Ils nous aident \u00e9galement \u00e0 identifier les pages les plus \/ moins visit\u00e9es et d\u2019\u00e9valuer comment les visiteurs naviguent sur le site Web. Toutes les informations collect\u00e9es par ces cookies sont agr\u00e9g\u00e9es et donc anonymis\u00e9es.<br \/><br \/>C. Cookies de publicit\u00e9 cibl\u00e9e : Les cookies marketing sont g\u00e9n\u00e9ralement utilis\u00e9s pour vous montrer des publicit\u00e9s qui correspondent \u00e0 vos int\u00e9r\u00eats. Lorsque vous visitez un autre site Web, le cookie de votre navigateur est reconnu et des publicit\u00e9s s\u00e9lectionn\u00e9es vous sont affich\u00e9es en fonction des informations stock\u00e9es dans ce cookie. Toutes les informations collect\u00e9es par nos \u00ab cookies \u00bb de performance ne seront utilis\u00e9es que pour suivre le volume, le type et la configuration du trafic utilisant ce site, pour en d\u00e9velopper la conception et l\u2019agencement et \u00e0 d\u2019autres fins administratives et de planification et plus g\u00e9n\u00e9ralement pour am\u00e9liorer le service que nous vous offrons. <br \/>Pour plus d\u2019informations sur l\u2019utilisation, la gestion et la suppression des \u00ab cookies \u00bb, pour tout type de navigateur, nous vous invitons \u00e0 consulter le lien suivant : https:\/\/www.cnil.fr\/fr\/cookies-les-outils-pour-les-maitriser.<\/p>\n<h1 class=\"wp-block-heading\"><\/h1>\n<h2 class=\"wp-block-heading\">10. prestataire technique<\/h2>\n<p>Les prestations techniques sont assur\u00e9es par Podium, soci\u00e9t\u00e9 par action simplifi\u00e9e, dont le si\u00e8ge social est situ\u00e9 au 19b Rue Du Mont d\u2019Or 69450 Saint-Cyr-Au-Mont-d\u2019Or. <br \/><br \/>Podium et\/ou ses fournisseurs se r\u00e9servent le droit \u00e0 tout moment de modifier ou d\u2019interrompre temporairement ou d\u00e9finitivement tout ou partie du Site sans que leur responsabilit\u00e9 ne puisse \u00eatre recherch\u00e9e et sans que cela ne puisse donner lieu \u00e0 l\u2019allocation de dommages et int\u00e9r\u00eats de quelque nature que ce soit.<br \/><br \/>Podium est l\u2019agence de communication digitale \u00e0 Lyon qui vous accompagne sur la cr\u00e9ation de site internet et de r\u00e9seaux sociaux.<\/p>\t\t\t\t\t\t\t\t<\/div>\n\t\t\t\t<\/div>\n\t\t\t\t\t<\/div>\n\t\t\t\t<\/div>\n\t\t\t\t<\/div>","protected":false},"excerpt":{"rendered":"<p>mentions l\u00e9gales 1. Informations relatives \u00e0 l\u2019h\u00e9bergeur OVH\u2028SAS au capital de 10 174 560 \u20ac\u2028RCS Lille M\u00e9tropole 424 761 419 00045\u2028Code APE 2620Z\u2028N\u00b0 TVA : FR 22 424 761 419\u2028Si\u00e8ge social : 2 rue Kellermann &#8211; 59100 Roubaix &#8211; France 2. Informations relatives \u00e0 l\u2019\u00e9diteur Raison sociale : SAS Podium\u2028Adresse : 19b Rue Du Mont [&hellip;]<\/p>\n","protected":false},"author":1,"featured_media":0,"parent":0,"menu_order":0,"comment_status":"closed","ping_status":"open","template":"","meta":{"_acf_changed":false,"inline_featured_image":false,"footnotes":""},"class_list":["post-3","page","type-page","status-publish","hentry"],"acf":[],"yoast_head":"<!-- This site is optimized with the Yoast SEO plugin v27.4 - https:\/\/yoast.com\/product\/yoast-seo-wordpress\/ -->\n<title>Mentions l\u00e9gales - H\u00f4tel Le Paquis<\/title>\n<meta name=\"robots\" content=\"index, follow, max-snippet:-1, max-image-preview:large, max-video-preview:-1\" \/>\n<link rel=\"canonical\" href=\"https:\/\/hotel-lepaquis.fr\/en\/mentions-legales\/\" \/>\n<meta property=\"og:locale\" content=\"en_GB\" \/>\n<meta property=\"og:type\" content=\"article\" \/>\n<meta property=\"og:title\" content=\"Mentions l\u00e9gales - H\u00f4tel Le Paquis\" \/>\n<meta property=\"og:description\" content=\"mentions l\u00e9gales 1. Informations relatives \u00e0 l\u2019h\u00e9bergeur OVH\u2028SAS au capital de 10 174 560 \u20ac\u2028RCS Lille M\u00e9tropole 424 761 419 00045\u2028Code APE 2620Z\u2028N\u00b0 TVA : FR 22 424 761 419\u2028Si\u00e8ge social : 2 rue Kellermann &#8211; 59100 Roubaix &#8211; France 2. Informations relatives \u00e0 l\u2019\u00e9diteur Raison sociale : SAS Podium\u2028Adresse : 19b Rue Du Mont [&hellip;]\" \/>\n<meta property=\"og:url\" content=\"https:\/\/hotel-lepaquis.fr\/en\/mentions-legales\/\" \/>\n<meta property=\"og:site_name\" content=\"H\u00f4tel Le Paquis\" \/>\n<meta property=\"article:modified_time\" content=\"2025-08-27T08:05:40+00:00\" \/>\n<meta name=\"twitter:card\" content=\"summary_large_image\" \/>\n<meta name=\"twitter:label1\" content=\"Estimated reading time\" \/>\n\t<meta name=\"twitter:data1\" content=\"8 minutes\" \/>\n<script type=\"application\/ld+json\" class=\"yoast-schema-graph\">{\"@context\":\"https:\\\/\\\/schema.org\",\"@graph\":[{\"@type\":\"WebPage\",\"@id\":\"https:\\\/\\\/hotel-lepaquis.fr\\\/mentions-legales\\\/\",\"url\":\"https:\\\/\\\/hotel-lepaquis.fr\\\/mentions-legales\\\/\",\"name\":\"Mentions l\u00e9gales - H\u00f4tel Le Paquis\",\"isPartOf\":{\"@id\":\"https:\\\/\\\/hotel-lepaquis.fr\\\/en\\\/#website\"},\"datePublished\":\"2024-11-04T09:09:12+00:00\",\"dateModified\":\"2025-08-27T08:05:40+00:00\",\"breadcrumb\":{\"@id\":\"https:\\\/\\\/hotel-lepaquis.fr\\\/mentions-legales\\\/#breadcrumb\"},\"inLanguage\":\"en-GB\",\"potentialAction\":[{\"@type\":\"ReadAction\",\"target\":[\"https:\\\/\\\/hotel-lepaquis.fr\\\/mentions-legales\\\/\"]}]},{\"@type\":\"BreadcrumbList\",\"@id\":\"https:\\\/\\\/hotel-lepaquis.fr\\\/mentions-legales\\\/#breadcrumb\",\"itemListElement\":[{\"@type\":\"ListItem\",\"position\":1,\"name\":\"Accueil\",\"item\":\"https:\\\/\\\/hotel-lepaquis.fr\\\/\"},{\"@type\":\"ListItem\",\"position\":2,\"name\":\"Mentions l\u00e9gales\"}]},{\"@type\":\"WebSite\",\"@id\":\"https:\\\/\\\/hotel-lepaquis.fr\\\/en\\\/#website\",\"url\":\"https:\\\/\\\/hotel-lepaquis.fr\\\/en\\\/\",\"name\":\"H\u00f4tel Le Paquis\",\"description\":\"\",\"publisher\":{\"@id\":\"https:\\\/\\\/hotel-lepaquis.fr\\\/en\\\/#organization\"},\"potentialAction\":[{\"@type\":\"SearchAction\",\"target\":{\"@type\":\"EntryPoint\",\"urlTemplate\":\"https:\\\/\\\/hotel-lepaquis.fr\\\/en\\\/?s={search_term_string}\"},\"query-input\":{\"@type\":\"PropertyValueSpecification\",\"valueRequired\":true,\"valueName\":\"search_term_string\"}}],\"inLanguage\":\"en-GB\"},{\"@type\":\"Organization\",\"@id\":\"https:\\\/\\\/hotel-lepaquis.fr\\\/en\\\/#organization\",\"name\":\"H\u00f4tel Le Paquis\",\"url\":\"https:\\\/\\\/hotel-lepaquis.fr\\\/en\\\/\",\"logo\":{\"@type\":\"ImageObject\",\"inLanguage\":\"en-GB\",\"@id\":\"https:\\\/\\\/hotel-lepaquis.fr\\\/en\\\/#\\\/schema\\\/logo\\\/image\\\/\",\"url\":\"https:\\\/\\\/hotel-lepaquis.fr\\\/wp-content\\\/uploads\\\/2024\\\/11\\\/logo2.svg\",\"contentUrl\":\"https:\\\/\\\/hotel-lepaquis.fr\\\/wp-content\\\/uploads\\\/2024\\\/11\\\/logo2.svg\",\"width\":183,\"height\":106,\"caption\":\"H\u00f4tel Le Paquis\"},\"image\":{\"@id\":\"https:\\\/\\\/hotel-lepaquis.fr\\\/en\\\/#\\\/schema\\\/logo\\\/image\\\/\"}}]}<\/script>\n<!-- \/ Yoast SEO plugin. -->","yoast_head_json":{"title":"Mentions l\u00e9gales - H\u00f4tel Le Paquis","robots":{"index":"index","follow":"follow","max-snippet":"max-snippet:-1","max-image-preview":"max-image-preview:large","max-video-preview":"max-video-preview:-1"},"canonical":"https:\/\/hotel-lepaquis.fr\/en\/mentions-legales\/","og_locale":"en_GB","og_type":"article","og_title":"Mentions l\u00e9gales - H\u00f4tel Le Paquis","og_description":"mentions l\u00e9gales 1. Informations relatives \u00e0 l\u2019h\u00e9bergeur OVH\u2028SAS au capital de 10 174 560 \u20ac\u2028RCS Lille M\u00e9tropole 424 761 419 00045\u2028Code APE 2620Z\u2028N\u00b0 TVA : FR 22 424 761 419\u2028Si\u00e8ge social : 2 rue Kellermann &#8211; 59100 Roubaix &#8211; France 2. Informations relatives \u00e0 l\u2019\u00e9diteur Raison sociale : SAS Podium\u2028Adresse : 19b Rue Du Mont [&hellip;]","og_url":"https:\/\/hotel-lepaquis.fr\/en\/mentions-legales\/","og_site_name":"H\u00f4tel Le Paquis","article_modified_time":"2025-08-27T08:05:40+00:00","twitter_card":"summary_large_image","twitter_misc":{"Estimated reading time":"8 minutes"},"schema":{"@context":"https:\/\/schema.org","@graph":[{"@type":"WebPage","@id":"https:\/\/hotel-lepaquis.fr\/mentions-legales\/","url":"https:\/\/hotel-lepaquis.fr\/mentions-legales\/","name":"Mentions l\u00e9gales - H\u00f4tel Le Paquis","isPartOf":{"@id":"https:\/\/hotel-lepaquis.fr\/en\/#website"},"datePublished":"2024-11-04T09:09:12+00:00","dateModified":"2025-08-27T08:05:40+00:00","breadcrumb":{"@id":"https:\/\/hotel-lepaquis.fr\/mentions-legales\/#breadcrumb"},"inLanguage":"en-GB","potentialAction":[{"@type":"ReadAction","target":["https:\/\/hotel-lepaquis.fr\/mentions-legales\/"]}]},{"@type":"BreadcrumbList","@id":"https:\/\/hotel-lepaquis.fr\/mentions-legales\/#breadcrumb","itemListElement":[{"@type":"ListItem","position":1,"name":"Accueil","item":"https:\/\/hotel-lepaquis.fr\/"},{"@type":"ListItem","position":2,"name":"Mentions l\u00e9gales"}]},{"@type":"WebSite","@id":"https:\/\/hotel-lepaquis.fr\/en\/#website","url":"https:\/\/hotel-lepaquis.fr\/en\/","name":"H\u00f4tel Le Paquis","description":"","publisher":{"@id":"https:\/\/hotel-lepaquis.fr\/en\/#organization"},"potentialAction":[{"@type":"SearchAction","target":{"@type":"EntryPoint","urlTemplate":"https:\/\/hotel-lepaquis.fr\/en\/?s={search_term_string}"},"query-input":{"@type":"PropertyValueSpecification","valueRequired":true,"valueName":"search_term_string"}}],"inLanguage":"en-GB"},{"@type":"Organization","@id":"https:\/\/hotel-lepaquis.fr\/en\/#organization","name":"H\u00f4tel Le Paquis","url":"https:\/\/hotel-lepaquis.fr\/en\/","logo":{"@type":"ImageObject","inLanguage":"en-GB","@id":"https:\/\/hotel-lepaquis.fr\/en\/#\/schema\/logo\/image\/","url":"https:\/\/hotel-lepaquis.fr\/wp-content\/uploads\/2024\/11\/logo2.svg","contentUrl":"https:\/\/hotel-lepaquis.fr\/wp-content\/uploads\/2024\/11\/logo2.svg","width":183,"height":106,"caption":"H\u00f4tel Le Paquis"},"image":{"@id":"https:\/\/hotel-lepaquis.fr\/en\/#\/schema\/logo\/image\/"}}]}},"_links":{"self":[{"href":"https:\/\/hotel-lepaquis.fr\/en\/wp-json\/wp\/v2\/pages\/3","targetHints":{"allow":["GET"]}}],"collection":[{"href":"https:\/\/hotel-lepaquis.fr\/en\/wp-json\/wp\/v2\/pages"}],"about":[{"href":"https:\/\/hotel-lepaquis.fr\/en\/wp-json\/wp\/v2\/types\/page"}],"author":[{"embeddable":true,"href":"https:\/\/hotel-lepaquis.fr\/en\/wp-json\/wp\/v2\/users\/1"}],"replies":[{"embeddable":true,"href":"https:\/\/hotel-lepaquis.fr\/en\/wp-json\/wp\/v2\/comments?post=3"}],"version-history":[{"count":46,"href":"https:\/\/hotel-lepaquis.fr\/en\/wp-json\/wp\/v2\/pages\/3\/revisions"}],"predecessor-version":[{"id":10546,"href":"https:\/\/hotel-lepaquis.fr\/en\/wp-json\/wp\/v2\/pages\/3\/revisions\/10546"}],"wp:attachment":[{"href":"https:\/\/hotel-lepaquis.fr\/en\/wp-json\/wp\/v2\/media?parent=3"}],"curies":[{"name":"wp","href":"https:\/\/api.w.org\/{rel}","templated":true}]}}